{"id":434,"date":"2024-02-26T22:50:25","date_gmt":"2024-02-26T22:50:25","guid":{"rendered":"https:\/\/raisbeck.co\/?page_id=434"},"modified":"2024-03-15T19:30:22","modified_gmt":"2024-03-15T19:30:22","slug":"derecho-comercial-y-societario","status":"publish","type":"page","link":"https:\/\/raisbeck.co\/en\/derecho-comercial-y-societario\/","title":{"rendered":"Commercial and Corporate Law"},"content":{"rendered":"<div data-elementor-type=\"wp-page\" data-elementor-id=\"434\" class=\"elementor elementor-434\" data-elementor-settings=\"{&quot;element_pack_global_tooltip_width&quot;:{&quot;unit&quot;:&quot;px&quot;,&quot;size&quot;:&quot;&quot;,&quot;sizes&quot;:[]},&quot;element_pack_global_tooltip_width_tablet&quot;:{&quot;unit&quot;:&quot;px&quot;,&quot;size&quot;:&quot;&quot;,&quot;sizes&quot;:[]},&quot;element_pack_global_tooltip_width_mobile&quot;:{&quot;unit&quot;:&quot;px&quot;,&quot;size&quot;:&quot;&quot;,&quot;sizes&quot;:[]},&quot;element_pack_global_tooltip_padding&quot;:{&quot;unit&quot;:&quot;px&quot;,&quot;top&quot;:&quot;&quot;,&quot;right&quot;:&quot;&quot;,&quot;bottom&quot;:&quot;&quot;,&quot;left&quot;:&quot;&quot;,&quot;isLinked&quot;:true},&quot;element_pack_global_tooltip_padding_tablet&quot;:{&quot;unit&quot;:&quot;px&quot;,&quot;top&quot;:&quot;&quot;,&quot;right&quot;:&quot;&quot;,&quot;bottom&quot;:&quot;&quot;,&quot;left&quot;:&quot;&quot;,&quot;isLinked&quot;:true},&quot;element_pack_global_tooltip_padding_mobile&quot;:{&quot;unit&quot;:&quot;px&quot;,&quot;top&quot;:&quot;&quot;,&quot;right&quot;:&quot;&quot;,&quot;bottom&quot;:&quot;&quot;,&quot;left&quot;:&quot;&quot;,&quot;isLinked&quot;:true},&quot;element_pack_global_tooltip_border_radius&quot;:{&quot;unit&quot;:&quot;px&quot;,&quot;top&quot;:&quot;&quot;,&quot;right&quot;:&quot;&quot;,&quot;bottom&quot;:&quot;&quot;,&quot;left&quot;:&quot;&quot;,&quot;isLinked&quot;:true},&quot;element_pack_global_tooltip_border_radius_tablet&quot;:{&quot;unit&quot;:&quot;px&quot;,&quot;top&quot;:&quot;&quot;,&quot;right&quot;:&quot;&quot;,&quot;bottom&quot;:&quot;&quot;,&quot;left&quot;:&quot;&quot;,&quot;isLinked&quot;:true},&quot;element_pack_global_tooltip_border_radius_mobile&quot;:{&quot;unit&quot;:&quot;px&quot;,&quot;top&quot;:&quot;&quot;,&quot;right&quot;:&quot;&quot;,&quot;bottom&quot;:&quot;&quot;,&quot;left&quot;:&quot;&quot;,&quot;isLinked&quot;:true}}\" data-elementor-post-type=\"page\">\n\t\t\t\t<div class=\"elementor-element elementor-element-98acc7f e-con-full e-flex e-con e-parent\" data-id=\"98acc7f\" data-element_type=\"container\" data-e-type=\"container\" data-settings=\"{&quot;jet_parallax_layout_list&quot;:[]}\">\n\t\t<div data-dce-background-image-url=\"https:\/\/raisbeck.co\/wp-content\/uploads\/2024\/02\/SOCIETARIO.png\" class=\"elementor-element elementor-element-de36d88 e-con-full e-flex e-con e-child\" data-id=\"de36d88\" data-element_type=\"container\" data-e-type=\"container\" data-settings=\"{&quot;jet_parallax_layout_list&quot;:[],&quot;background_background&quot;:&quot;classic&quot;}\">\n\t\t\t\t<\/div>\n\t\t<div class=\"elementor-element elementor-element-9c3f15b e-con-full e-flex e-con e-child\" data-id=\"9c3f15b\" data-element_type=\"container\" data-e-type=\"container\" data-settings=\"{&quot;jet_parallax_layout_list&quot;:[]}\">\n\t\t\t\t<div class=\"elementor-element elementor-element-c83ae91 elementor-widget elementor-widget-heading\" data-id=\"c83ae91\" data-element_type=\"widget\" data-e-type=\"widget\" data-widget_type=\"heading.default\">\n\t\t\t\t<div class=\"elementor-widget-container\">\n\t\t\t\t\t<h2 class=\"elementor-heading-title elementor-size-default\">AREA OF PRACTICE: <\/h2>\t\t\t\t<\/div>\n\t\t\t\t<\/div>\n\t\t\t\t<div class=\"elementor-element elementor-element-ea4ec37 elementor-widget elementor-widget-heading\" data-id=\"ea4ec37\" data-element_type=\"widget\" data-e-type=\"widget\" data-widget_type=\"heading.default\">\n\t\t\t\t<div class=\"elementor-widget-container\">\n\t\t\t\t\t<h2 class=\"elementor-heading-title elementor-size-default\">Commercial and Corporate Law<\/h2>\t\t\t\t<\/div>\n\t\t\t\t<\/div>\n\t\t\t\t<div class=\"elementor-element elementor-element-d8a929f elementor-widget elementor-widget-text-editor\" data-id=\"d8a929f\" data-element_type=\"widget\" data-e-type=\"widget\" data-widget_type=\"text-editor.default\">\n\t\t\t\t<div class=\"elementor-widget-container\">\n\t\t\t\t\t\t\t\t\t<p>At Raisbeck &amp; Associates, we specialize in providing comprehensive legal solutions in commercial and corporate law. From the incorporation of companies to the management of complex contracts, our objective is to strengthen the legal structure and operations of our clients, ensuring their growth and compliance with current legislation.<\/p>\t\t\t\t\t\t\t\t<\/div>\n\t\t\t\t<\/div>\n\t\t\t\t<\/div>\n\t\t\t\t<\/div>\n\t\t<div class=\"elementor-element elementor-element-b2e9580 e-flex e-con-boxed e-con e-parent\" data-id=\"b2e9580\" data-element_type=\"container\" data-e-type=\"container\" data-settings=\"{&quot;background_background&quot;:&quot;classic&quot;,&quot;jet_parallax_layout_list&quot;:[]}\">\n\t\t\t\t\t<div class=\"e-con-inner\">\n\t\t<div class=\"elementor-element elementor-element-1849938 e-con-full e-flex e-con e-child\" data-id=\"1849938\" data-element_type=\"container\" data-e-type=\"container\" data-settings=\"{&quot;jet_parallax_layout_list&quot;:[]}\">\n\t\t\t\t<div class=\"elementor-element elementor-element-bdf3162 elementor-widget elementor-widget-heading\" data-id=\"bdf3162\" data-element_type=\"widget\" data-e-type=\"widget\" data-widget_type=\"heading.default\">\n\t\t\t\t<div class=\"elementor-widget-container\">\n\t\t\t\t\t<h2 class=\"elementor-heading-title elementor-size-default\">AREA OF PRACTICE SERVICES<\/h2>\t\t\t\t<\/div>\n\t\t\t\t<\/div>\n\t\t\t\t<\/div>\n\t\t\t\t\t<\/div>\n\t\t\t\t<\/div>\n\t\t<div class=\"elementor-element elementor-element-d52d04e e-con-full e-flex e-con e-parent\" data-id=\"d52d04e\" data-element_type=\"container\" data-e-type=\"container\" data-settings=\"{&quot;jet_parallax_layout_list&quot;:[]}\">\n\t\t<div class=\"elementor-element elementor-element-c3d7d41 e-con-full e-flex e-con e-child\" data-id=\"c3d7d41\" data-element_type=\"container\" data-e-type=\"container\" data-settings=\"{&quot;jet_parallax_layout_list&quot;:[],&quot;background_background&quot;:&quot;classic&quot;}\">\n\t\t\t\t<div class=\"elementor-element elementor-element-8574fb2 elementor-widget elementor-widget-image\" data-id=\"8574fb2\" data-element_type=\"widget\" data-e-type=\"widget\" data-widget_type=\"image.default\">\n\t\t\t\t<div class=\"elementor-widget-container\">\n\t\t\t\t\t\t\t\t\t\t\t\t\t\t\t<img fetchpriority=\"high\" decoding=\"async\" width=\"1024\" height=\"555\" src=\"https:\/\/raisbeck.co\/wp-content\/uploads\/2024\/02\/litigio-1024x555.png\" class=\"attachment-large size-large wp-image-819\" alt=\"\" srcset=\"https:\/\/raisbeck.co\/wp-content\/uploads\/2024\/02\/litigio-1024x555.png 1024w, https:\/\/raisbeck.co\/wp-content\/uploads\/2024\/02\/litigio-300x162.png 300w, https:\/\/raisbeck.co\/wp-content\/uploads\/2024\/02\/litigio-768x416.png 768w, https:\/\/raisbeck.co\/wp-content\/uploads\/2024\/02\/litigio-600x325.png 600w, https:\/\/raisbeck.co\/wp-content\/uploads\/2024\/02\/litigio.png 1252w\" sizes=\"(max-width: 1024px) 100vw, 1024px\" \/>\t\t\t\t\t\t\t\t\t\t\t\t\t\t\t<\/div>\n\t\t\t\t<\/div>\n\t\t\t\t<div class=\"elementor-element elementor-element-4e88381 elementor-widget elementor-widget-heading\" data-id=\"4e88381\" data-element_type=\"widget\" data-e-type=\"widget\" data-widget_type=\"heading.default\">\n\t\t\t\t<div class=\"elementor-widget-container\">\n\t\t\t\t\t<h2 class=\"elementor-heading-title elementor-size-default\">Contracts<\/h2>\t\t\t\t<\/div>\n\t\t\t\t<\/div>\n\t\t\t\t<div class=\"elementor-element elementor-element-119d43b elementor-widget elementor-widget-text-editor\" data-id=\"119d43b\" data-element_type=\"widget\" data-e-type=\"widget\" data-widget_type=\"text-editor.default\">\n\t\t\t\t<div class=\"elementor-widget-container\">\n\t\t\t\t\t\t\t\t\t<p>Legal guidance, advice and drafting of contracts to protect your business interests.<\/p>\t\t\t\t\t\t\t\t<\/div>\n\t\t\t\t<\/div>\n\t\t\t\t<div class=\"elementor-element elementor-element-19fa5e2 elementor-widget elementor-widget-jet-button\" data-id=\"19fa5e2\" data-element_type=\"widget\" data-e-type=\"widget\" data-widget_type=\"jet-button.default\">\n\t\t\t\t<div class=\"elementor-widget-container\">\n\t\t\t\t\t<div class=\"elementor-jet-button jet-elements\"><div class=\"jet-button__container\">\n\t<a class=\"jet-button__instance jet-button__instance--icon-left hover-effect-0\" href=\"#elementor-action%3Aaction%3Dpopup%3Aopen%26settings%3DeyJpZCI6IjU2NyIsInRvZ2dsZSI6ZmFsc2V9\">\n\t\t<div class=\"jet-button__plane jet-button__plane-normal\"><\/div>\n\t\t<div class=\"jet-button__plane jet-button__plane-hover\"><\/div>\n\t\t<div class=\"jet-button__state jet-button__state-normal\">\n\t\t\t<span class=\"jet-button__label\">Learn more<\/span>\t\t<\/div>\n\t\t<div class=\"jet-button__state jet-button__state-hover\">\n\t\t\t<span class=\"jet-button__label\">Learn more<\/span>\t\t<\/div>\n\t<\/a>\n<\/div>\n<\/div>\t\t\t\t<\/div>\n\t\t\t\t<\/div>\n\t\t\t\t<\/div>\n\t\t<div class=\"elementor-element elementor-element-47ef09e e-con-full e-flex e-con e-child\" data-id=\"47ef09e\" data-element_type=\"container\" data-e-type=\"container\" data-settings=\"{&quot;jet_parallax_layout_list&quot;:[]}\">\n\t\t\t\t<div class=\"elementor-element elementor-element-6a512b1 elementor-widget elementor-widget-image\" data-id=\"6a512b1\" data-element_type=\"widget\" data-e-type=\"widget\" data-widget_type=\"image.default\">\n\t\t\t\t<div class=\"elementor-widget-container\">\n\t\t\t\t\t\t\t\t\t\t\t\t\t\t\t<img decoding=\"async\" width=\"829\" height=\"446\" src=\"https:\/\/raisbeck.co\/wp-content\/uploads\/2024\/02\/probono.jpg\" class=\"attachment-large size-large wp-image-896\" alt=\"\" srcset=\"https:\/\/raisbeck.co\/wp-content\/uploads\/2024\/02\/probono.jpg 829w, https:\/\/raisbeck.co\/wp-content\/uploads\/2024\/02\/probono-300x161.jpg 300w, https:\/\/raisbeck.co\/wp-content\/uploads\/2024\/02\/probono-768x413.jpg 768w, https:\/\/raisbeck.co\/wp-content\/uploads\/2024\/02\/probono-600x323.jpg 600w\" sizes=\"(max-width: 829px) 100vw, 829px\" \/>\t\t\t\t\t\t\t\t\t\t\t\t\t\t\t<\/div>\n\t\t\t\t<\/div>\n\t\t\t\t<div class=\"elementor-element elementor-element-17011e7 elementor-widget elementor-widget-heading\" data-id=\"17011e7\" data-element_type=\"widget\" data-e-type=\"widget\" data-widget_type=\"heading.default\">\n\t\t\t\t<div class=\"elementor-widget-container\">\n\t\t\t\t\t<h2 class=\"elementor-heading-title elementor-size-default\">Corporate Law<\/h2>\t\t\t\t<\/div>\n\t\t\t\t<\/div>\n\t\t\t\t<div class=\"elementor-element elementor-element-5740845 elementor-widget elementor-widget-text-editor\" data-id=\"5740845\" data-element_type=\"widget\" data-e-type=\"widget\" data-widget_type=\"text-editor.default\">\n\t\t\t\t<div class=\"elementor-widget-container\">\n\t\t\t\t\t\t\t\t\t<p><span style=\"font-weight: 400;\">Specialized advice on incorporation and management of companies, adapted to your business needs.<\/span><\/p>\t\t\t\t\t\t\t\t<\/div>\n\t\t\t\t<\/div>\n\t\t\t\t<div class=\"elementor-element elementor-element-62639b0 elementor-widget elementor-widget-jet-button\" data-id=\"62639b0\" data-element_type=\"widget\" data-e-type=\"widget\" data-widget_type=\"jet-button.default\">\n\t\t\t\t<div class=\"elementor-widget-container\">\n\t\t\t\t\t<div class=\"elementor-jet-button jet-elements\"><div class=\"jet-button__container\">\n\t<a class=\"jet-button__instance jet-button__instance--icon-left hover-effect-0\" href=\"#elementor-action%3Aaction%3Dpopup%3Aopen%26settings%3DeyJpZCI6IjkxOCIsInRvZ2dsZSI6ZmFsc2V9\">\n\t\t<div class=\"jet-button__plane jet-button__plane-normal\"><\/div>\n\t\t<div class=\"jet-button__plane jet-button__plane-hover\"><\/div>\n\t\t<div class=\"jet-button__state jet-button__state-normal\">\n\t\t\t<span class=\"jet-button__label\">Learn more<\/span>\t\t<\/div>\n\t\t<div class=\"jet-button__state jet-button__state-hover\">\n\t\t\t<span class=\"jet-button__label\">Learn more<\/span>\t\t<\/div>\n\t<\/a>\n<\/div>\n<\/div>\t\t\t\t<\/div>\n\t\t\t\t<\/div>\n\t\t\t\t<\/div>\n\t\t\t\t<\/div>\n\t\t<div class=\"elementor-element elementor-element-e74ff32 e-flex e-con-boxed e-con e-parent\" data-id=\"e74ff32\" data-element_type=\"container\" data-e-type=\"container\" data-settings=\"{&quot;background_background&quot;:&quot;classic&quot;,&quot;jet_parallax_layout_list&quot;:[]}\">\n\t\t\t\t\t<div class=\"e-con-inner\">\n\t\t<div class=\"elementor-element elementor-element-31dbafd e-con-full e-flex e-con e-child\" data-id=\"31dbafd\" data-element_type=\"container\" data-e-type=\"container\" data-settings=\"{&quot;jet_parallax_layout_list&quot;:[]}\">\n\t\t\t\t<div class=\"elementor-element elementor-element-6b0e457 elementor-view-default elementor-widget elementor-widget-icon\" data-id=\"6b0e457\" data-element_type=\"widget\" data-e-type=\"widget\" data-widget_type=\"icon.default\">\n\t\t\t\t<div class=\"elementor-widget-container\">\n\t\t\t\t\t\t\t<div class=\"elementor-icon-wrapper\">\n\t\t\t<div class=\"elementor-icon\">\n\t\t\t<svg xmlns=\"http:\/\/www.w3.org\/2000\/svg\" id=\"uuid-b927381b-2f72-45df-a0a8-43adbc4c2b19\" data-name=\"Layer 2\" viewbox=\"0 0 185.14 185.02\"><g id=\"uuid-8e13effe-6f96-4f53-8704-b1fd8366aea0\" data-name=\"Layer 1\"><g><path d=\"m127.05.19c14.54-1.08,26.87,2.54,37.76,10.87,25.34,19.4,27.34,57.8,4.06,79.64-2.44,2.29-3.54,4.53-3.38,7.83.24,4.93.04,9.87.07,14.81.01,1.92-.37,3.59-2.3,4.47-1.97.9-3.5.01-4.84-1.31-3.44-3.39-6.93-6.73-10.23-10.25-1.75-1.86-3.56-2.15-6.01-1.82-15.92,2.15-31.56,2.07-45.98-6.56-19.26-11.52-29.19-34.41-24.43-56.46C76.44,19.66,95.35,2.55,117.48.24c3.44-.36,6.95-.05,9.57-.05Zm29.78,103.82c.29-.19.57-.37.86-.56,0-2.91.16-5.83-.04-8.73-.25-3.48,1.13-5.87,3.8-8.07,21.75-17.84,20.6-53.01-2.03-69.74-13.45-9.94-28.64-10.54-44.07-8.11-19.76,3.11-34.58,19.63-36.64,39.51-2.03,19.54,9.65,38.75,28.28,45.94,11.79,4.55,24.04,3.64,36.18,1.77,3.6-.56,6.32-.26,8.67,2.64,1.53,1.89,3.32,3.57,5,5.34Z\"><\/path><path d=\"m60.02,171.58c.97-2.02.57-3.49.61-4.89.14-4,1.05-5,5.01-5.01,11.78-.03,23.56.08,35.35-.05,7.49-.08,13.84-2.55,17.77-9.49,1.89-3.34,2.44-6.97,2.48-10.69.08-7.07.04-14.14.02-21.21-.01-2.56.33-4.82,3.56-5.02,2.66-.16,4.28,1.5,4.22,4.88-.17,9.41,1.01,18.89-.58,28.22-2.12,12.38-12.57,20.96-25.16,21.1-10.32.12-20.65.12-30.97-.02-2.93-.04-4.11.86-3.85,3.84.2,2.23.03,4.48.03,6.73,0,2.02-.46,3.85-2.53,4.71-2.05.85-3.7,0-5.15-1.44-3.49-3.49-7.15-6.83-10.44-10.51-2.31-2.58-4.87-3.38-8.27-3.37-7.05.03-14.15.75-21.16-.48C9.01,166.79.12,156.39.07,144.31c-.08-18.96-.1-37.93,0-56.89.07-13.31,11.1-24.49,24.43-24.71,12-.19,24.01-.07,36.02-.04,3.3,0,5.4,1.58,5.2,3.95-.26,3.14-2.48,3.95-5.25,3.94-10.88-.01-21.78.25-32.65-.06-12.52-.36-20.31,8.92-20.02,19.81.47,17.16.42,34.34,0,51.5-.23,9.33,5.51,19.49,19.45,19.82,6.84.16,13.69.08,20.53.01,2.05-.02,3.6.51,4.98,2.16,2.2,2.64,4.67,5.05,7.24,7.78Z\"><\/path><path d=\"m61.31,111.83c12.21,0,24.42,0,36.64,0,1.7,0,3.39-.01,4.58,1.53,1.61,2.1.69,5.02-2.06,5.91-1.24.4-2.64.41-3.97.41-23.42.02-46.83.02-70.25.02-.67,0-1.35.01-2.02-.03-2.68-.16-4.65-1.24-4.55-4.23.1-2.91,2.14-3.61,4.66-3.61,12.32.01,24.65,0,36.97,0Z\"><\/path><path d=\"m54.28,132.03c9.75,0,19.51-.01,29.26,0,3.7,0,5.6,1.37,5.55,3.89-.05,2.43-2.1,3.94-5.67,3.94-19.4.03-38.8.01-58.19.01-.67,0-1.36.02-2.01-.11-2.24-.45-3.68-1.71-3.56-4.14.12-2.48,1.68-3.55,4.02-3.56,6.05-.03,12.11-.02,18.16-.03,4.15,0,8.3,0,12.45,0Z\"><\/path><path d=\"m49.61,91.62c8.19,0,16.38-.01,24.57,0,3.74,0,5.66,1.3,5.7,3.76.05,2.53-2.1,4.08-5.86,4.09-16.27.02-32.53.02-48.8,0-3.7,0-5.51-1.34-5.59-3.93-.08-2.66,1.6-3.91,5.41-3.92,8.19-.02,16.38,0,24.57,0Z\"><\/path><path d=\"m99.19,132.07c2.42.06,3.97,1.23,4.07,3.56.1,2.31-1.38,3.85-3.62,4.01-2.31.16-3.76-1.23-3.89-3.61-.13-2.4,1.13-3.7,3.44-3.96Z\"><\/path><path d=\"m124.69,59.2c-.51-5.74,1.35-9.7,7.32-11.57,3.48-1.09,5.15-4.95,4.41-8.13-.88-3.78-3.66-6.12-7.34-6.18-3.88-.06-6.52,1.99-7.53,5.84-1.24,4.73-2.6,6.08-5.31,5.27-2.77-.83-3.59-3.47-2.37-7.68,1.97-6.84,8.29-11.72,15.13-11.67,6.76.05,13.12,4.97,14.9,11.52,1.93,7.09-.85,14.2-7.46,17.71-2.72,1.45-3.72,3.12-3.43,6.04.14,1.42,0,2.93-.33,4.32-.45,1.91-1.72,3.14-3.83,3.1-2.12-.03-3.35-1.29-3.7-3.24-.32-1.75-.31-3.56-.45-5.34Z\"><\/path><path d=\"m132.82,78.14c-.31,2.2-1.37,3.84-3.78,3.91-2.36.07-3.85-1.3-3.95-3.65-.1-2.38,1.4-3.85,3.68-3.94,2.29-.09,3.7,1.31,4.06,3.68Z\"><\/path><\/g><\/g><\/svg>\t\t\t<\/div>\n\t\t<\/div>\n\t\t\t\t\t\t<\/div>\n\t\t\t\t<\/div>\n\t\t\t\t<div class=\"elementor-element elementor-element-e9e2223 elementor-widget elementor-widget-heading\" data-id=\"e9e2223\" data-element_type=\"widget\" data-e-type=\"widget\" data-widget_type=\"heading.default\">\n\t\t\t\t<div class=\"elementor-widget-container\">\n\t\t\t\t\t<h2 class=\"elementor-heading-title elementor-size-default\">Why Choose Us<\/h2>\t\t\t\t<\/div>\n\t\t\t\t<\/div>\n\t\t\t\t<div class=\"elementor-element elementor-element-895e350 elementor-widget__width-initial elementor-widget elementor-widget-text-editor\" data-id=\"895e350\" data-element_type=\"widget\" data-e-type=\"widget\" data-widget_type=\"text-editor.default\">\n\t\t\t\t<div class=\"elementor-widget-container\">\n\t\t\t\t\t\t\t\t\t<p>Raisbeck &amp; Associates is known for its personalized approach and deep understanding of commercial and corporate law. Our firm combines experience, specialized knowledge and an unwavering commitment to our clients' success. Choosing us means securing a strategic ally that not only understands the legal complexities of your business, but is also dedicated to finding innovative and effective solutions to your commercial and corporate challenges.<\/p>\t\t\t\t\t\t\t\t<\/div>\n\t\t\t\t<\/div>\n\t\t\t\t<\/div>\n\t\t<div class=\"elementor-element elementor-element-cb623d5 e-con-full e-flex e-con e-child\" data-id=\"cb623d5\" data-element_type=\"container\" data-e-type=\"container\" data-settings=\"{&quot;jet_parallax_layout_list&quot;:[]}\">\n\t\t\t\t<div class=\"elementor-element elementor-element-e086d74 elementor-view-default elementor-widget elementor-widget-icon\" data-id=\"e086d74\" data-element_type=\"widget\" data-e-type=\"widget\" data-widget_type=\"icon.default\">\n\t\t\t\t<div class=\"elementor-widget-container\">\n\t\t\t\t\t\t\t<div class=\"elementor-icon-wrapper\">\n\t\t\t<div class=\"elementor-icon\">\n\t\t\t<svg xmlns=\"http:\/\/www.w3.org\/2000\/svg\" id=\"uuid-a84de709-7a0d-4b50-836b-e036b0639f42\" data-name=\"Layer 2\" viewbox=\"0 0 189.79 189.8\"><g id=\"uuid-0d0c4872-aeef-4e2a-9f9e-cd903f6ecc66\" data-name=\"Layer 1\"><g><path d=\"m126.2,131.49c0-11.01-.06-22.03.04-33.04.02-2.65-1.04-3.41-3.5-3.32-3.79.13-7.59.06-11.38.02-6.57-.06-10.45-3.82-10.68-10.44-.11-3.18-.03-6.37-.03-9.55,0-20.81,0-41.62,0-62.44,0-9.05,3.65-12.7,12.7-12.71,21.3-.01,42.6-.01,63.9,0,8.8,0,12.52,3.72,12.53,12.52.01,23.5.01,47.01,0,70.51,0,8.58-3.49,12.09-11.96,12.1-9.3.01-18.61.04-27.91-.02-2.42-.02-4.55.03-4.18,3.36.28,2.52-1.26,6.02,3.67,5.75,3.05-.17,5.45,1.56,6.98,4.06,1.06,1.74,2.17,2.09,4.14,1.98,3.48-.19,6.52,1.22,8.46,4.24,1.06,1.66,2.33,2.15,4.23,2.19,6.3.13,10.04,3.89,10.07,10.13.06,12.85-.03,25.71.07,38.56.02,2.66-.98,4.78-2.52,6.7-2.72,3.39-3.96,7.08-3.73,11.52.26,4.94-1.1,6.12-5.99,6.13-13.1.03-26.2.03-39.3,0-4.55-.01-5.72-.65-5.64-5.2.1-5.78-2.91-9.64-6.47-13.4-1.99-2.1-3.22-4.52-4.14-7.24-3.65-10.77-7.45-21.5-11.13-32.27-1.97-5.75-.89-9.22,3.21-10.91,6.25-2.57,12.12-1,14.72,4.04,1.17,2.26,2.14,4.62,3.2,6.93.21-.08.42-.16.63-.24Zm56.56-83.47c0-11.5,0-22.99,0-34.49,0-5.51-.96-6.5-6.32-6.51-20.79-.01-41.59-.01-62.38,0-5.41,0-6.4,1-6.41,6.42-.01,18.1,0,36.2,0,54.31,0,5.26.04,10.52,0,15.78-.03,3.19,1.33,4.73,4.66,4.59,3.66-.15,7.34-.08,11.01-.02,1.96.03,2.78-.7,2.94-2.77.47-5.8,4.32-9.66,9.42-9.74,4.9-.08,9.29,3.62,9.87,9.04.33,3.05,1.68,3.52,4.24,3.5,9.17-.09,18.35-.02,27.52-.04,4.8-.01,5.44-.65,5.45-5.57.02-11.5,0-22.99,0-34.49Zm-49.59,68.53c0,9.91,0,19.83,0,29.74,0,2.28-.12,4.62-2.9,5.24-2.79.63-3.83-1.39-4.81-3.5-2.93-6.33-5.93-12.62-8.9-18.93-.91-1.93-2.4-2.96-4.43-2.14-2.1.85-.79,2.52-.37,3.77,2.67,8,5.6,15.93,8.07,23.99,2.01,6.56,4.95,12.43,9.92,17.24,2.17,2.1,3.6,4.62,3.38,7.83-.15,2.19.94,3,3.11,2.99,10.28-.06,20.56-.07,30.84.01,2.38.02,3.48-.84,3.17-3.22-.45-3.41.94-6.13,2.85-8.81,1.32-1.85,3.06-3.56,3.06-6.12-.01-12.48,0-24.97-.01-37.45,0-1.77-.59-3.27-2.62-3.3-2.02-.03-2.67,1.43-2.7,3.22-.04,2.45-.02,4.9-.04,7.34-.02,2.43-.71,4.59-3.55,4.61-2.85.02-3.56-2.13-3.58-4.57-.02-3.92.02-7.83-.03-11.75-.02-2.15.47-5.04-2.61-5.16-3.25-.13-2.71,2.8-2.74,4.94-.05,4.16.03,8.32-.07,12.48-.06,2.33-1.08,4.16-3.71,4.06-2.43-.09-3.29-1.82-3.32-4.04-.04-2.57-.02-5.14-.03-7.71-.02-4.28.04-8.57-.09-12.85-.05-1.71-.82-3.22-2.87-3.1-1.8.11-2.39,1.49-2.44,3.11-.04,1.47-.04,2.94-.05,4.4-.02,5.38.03,10.77-.07,16.15-.04,2.34-1.13,4.1-3.75,4.04-2.28-.05-3.11-1.65-3.19-3.72-.05-1.1-.03-2.2-.03-3.3,0-14.81,0-29.62-.02-44.43,0-2.15-.24-4.66-2.97-4.62-2.61.04-2.52,2.54-2.52,4.52-.01,9.67,0,19.34-.01,29.01Z\"><\/path><path d=\"m89.15,47.9c0,11.87.02,23.75,0,35.62-.02,8.02-3.66,11.62-11.69,11.63-22.04.01-44.07.01-66.11,0-7.5,0-11.3-3.72-11.31-11.28C-.01,59.75,0,35.63.03,11.52.04,4.14,4.06.05,11.36.04c22.16-.05,44.32-.05,66.47,0,7.29.02,11.27,4.11,11.3,11.51.05,12.12.01,24.24.02,36.36Zm-7.03-.41c0-11.62.02-23.24-.01-34.86-.01-4.3-1.22-5.59-5.37-5.59-21.41-.03-42.82-.03-64.23,0-4.23,0-5.48,1.26-5.48,5.49-.03,23.49-.03,46.98,0,70.46,0,4.33.82,5.1,5.19,5.1,21.53.02,43.06.02,64.59,0,4.57,0,5.29-.72,5.3-5.36.03-11.74,0-23.49,0-35.23Z\"><\/path><path d=\"m89.15,145.2c0,10.77.02,21.54,0,32.32-.02,8.35-3.83,12.25-12.06,12.26-21.67.03-43.33.02-65,0-8.23,0-12.06-3.9-12.07-12.24-.02-21.54-.02-43.09,0-64.63,0-8.49,3.82-12.24,12.42-12.25,21.42-.02,42.84-.02,64.27,0,8.74,0,12.43,3.75,12.44,12.6.02,10.65,0,21.3,0,31.95Zm-7.03-.1c0-10.52.02-21.04,0-31.55-.01-4.73-1.14-5.89-5.82-5.89-21.16-.02-42.32-.02-63.47,0-4.65,0-5.8,1.18-5.8,5.91-.02,21.04-.02,42.07,0,63.11,0,4.95,1.1,6.07,6.01,6.07,21.04.02,42.07.02,63.11,0,4.9,0,5.97-1.11,5.98-6.09.02-10.52,0-21.04,0-31.55Z\"><\/path><path d=\"m149.32,70.17c-8.47.55-16.71-1.43-23.18-8.65-7-7.81-8.57-19.45-3.63-28.74,4.99-9.38,15.95-15.2,25.64-13.62,11.6,1.89,19.87,9.57,22,20.22.58,2.92.86,5.83.59,8.75-.73,7.72-7.92,11.64-14.72,7.95-1.69-.91-2.89-1.05-4.68-.15-5.96,2.98-11.85,1.81-16.01-2.86-3.86-4.34-4.34-10.62-1.2-15.68,2.86-4.6,8.75-6.94,14.06-5.59,5.93,1.51,9.78,6.48,10.1,12.9.11,2.16-.84,5.46,2.59,5.44,3.61-.02,2.78-3.42,2.73-5.71-.2-10.34-8.58-18.49-18.65-18.29-10.06.2-18.19,8.43-18.19,18.43,0,10.01,7.95,18.11,18.17,18.43,3.91.12,7.83.02,11.75.05,2.3.02,4.31.75,4.4,3.37.11,2.85-1.96,3.68-4.41,3.74-2.2.05-4.41.01-7.36.01Zm1.74-25.7c-.08-3.13-2.98-5.86-6.04-5.68-3.25.19-5.76,2.91-5.62,6.1.13,2.94,2.88,5.56,5.83,5.55,3.05-.01,5.9-2.93,5.83-5.97Z\"><\/path><path d=\"m52.1,81.12c-7.75-.28-14.58-2.87-20.17-8.33-4.89-4.79-9.75-9.62-14.5-14.55-10.42-10.82-10.88-27.36-1.07-38.7,2.31-2.68,4.96-5.06,7.45-7.59,2.14-2.18,4.24-2.06,6.36.07,4.66,4.68,9.33,9.35,14.01,14,2.41,2.4,2.18,4.69-.14,6.99-1.99,1.98-4.04,3.92-5.92,6.01-3.53,3.94-3.3,8.51.48,12.43,3.59,3.72,9.15,4.21,12.87.95,2.3-2.01,4.37-4.28,6.56-6.41,2.03-1.97,4.08-1.98,6.1.03,4.77,4.74,9.54,9.48,14.28,14.25,1.62,1.63,2.48,3.62.8,5.55-6.77,7.79-14.21,14.58-25.29,15.29-.61.04-1.22,0-1.83,0ZM16.49,38.45c.09,4.19,1,8.54,3.87,12.05,5.8,7.1,12.12,13.82,19.43,19.34,6.89,5.2,14.66,5.48,22.5,1.59,1.94-.96,2.31-1.83.52-3.42-2.28-2.02-4.4-4.23-6.54-6.4-1.33-1.36-2.64-1.76-4.56-.99-7.06,2.83-13.3,1.07-18.36-4.29-4.86-5.14-6.17-11.24-3.29-17.94.44-1.02.97-2.05-.03-3.04-2.69-2.66-5.39-5.31-8.08-7.96-1.21-1.19-2.08-.9-2.82.55-1.62,3.21-2.57,6.58-2.64,10.51Z\"><\/path><path d=\"m44.68,167.77c-8.69,0-17.38.03-26.06-.01-4.72-.02-5.94-1.18-5.96-5.84-.05-11.13-.05-22.27,0-33.4.02-4.67,1.22-5.83,5.95-5.84,17.38-.03,34.75-.03,52.13,0,4.49,0,5.77,1.23,5.79,5.64.06,11.26.06,22.51,0,33.77-.02,4.42-1.3,5.64-5.78,5.66-8.69.05-17.38.01-26.06.02Zm-19.12-37.98c5.59,4.95,10.72,9.11,15.37,13.76,2.81,2.81,4.59,2.72,7.35,0,4.71-4.64,9.81-8.88,15.28-13.77H25.56Zm37.91,30.79c-3.77-3.35-6.91-6.06-9.94-8.87-1.3-1.21-2.24-1.31-3.75-.15-4.31,3.3-5.97,3.25-10.41.01-1.07-.78-1.91-1.47-3.16-.33-3.29,3-6.63,5.95-10.44,9.35h37.69Zm-43.75-4.42c4.05-3.52,7.53-6.54,10.99-9.57.79-.69,1.46-1.49.32-2.4-3.76-2.99-6.89-6.73-11.31-9.56v21.53Zm49.7-.03v-21.81c-4,3.49-7.52,6.6-11.09,9.66-1.22,1.04-.81,1.83.16,2.67,3.48,3.01,6.95,6.03,10.93,9.48Z\"><\/path><\/g><\/g><\/svg>\t\t\t<\/div>\n\t\t<\/div>\n\t\t\t\t\t\t<\/div>\n\t\t\t\t<\/div>\n\t\t\t\t<div class=\"elementor-element elementor-element-b6b4f73 elementor-widget elementor-widget-heading\" data-id=\"b6b4f73\" data-element_type=\"widget\" data-e-type=\"widget\" data-widget_type=\"heading.default\">\n\t\t\t\t<div class=\"elementor-widget-container\">\n\t\t\t\t\t<h2 class=\"elementor-heading-title elementor-size-default\">Fortalece la base legal de tu negocio con expertos en derecho comercial y societario. Contacta a Raisbeck &amp; Associates hoy mismo para una consulta.<\/h2>\t\t\t\t<\/div>\n\t\t\t\t<\/div>\n\t\t\t\t<div class=\"elementor-element elementor-element-813fb1a elementor-align-justify elementor-widget elementor-widget-button\" data-id=\"813fb1a\" data-element_type=\"widget\" data-e-type=\"widget\" data-widget_type=\"button.default\">\n\t\t\t\t<div class=\"elementor-widget-container\">\n\t\t\t\t\t\t\t\t\t<div class=\"elementor-button-wrapper\">\n\t\t\t\t\t<a class=\"elementor-button elementor-button-link elementor-size-sm\" href=\"https:\/\/raisbeck.co\/en\/contacto\/\">\n\t\t\t\t\t\t<span class=\"elementor-button-content-wrapper\">\n\t\t\t\t\t\t\t\t\t<span class=\"elementor-button-text\">Schedule your Consultation<\/span>\n\t\t\t\t\t<\/span>\n\t\t\t\t\t<\/a>\n\t\t\t\t<\/div>\n\t\t\t\t\t\t\t\t<\/div>\n\t\t\t\t<\/div>\n\t\t\t\t<\/div>\n\t\t\t\t\t<\/div>\n\t\t\t\t<\/div>\n\t\t\t\t<\/div>","protected":false},"excerpt":{"rendered":"<p>\u00c1rea de Pr\u00e1ctica: DERECHO COMERCIAL Y SOCIETARIO En Raisbeck &amp; Associates, nos especializamos en brindar soluciones jur\u00eddicas integrales en el \u00e1mbito del derecho comercial y societario. Desde la constituci\u00f3n de sociedades hasta la gesti\u00f3n de contratos complejos, nuestro objetivo es fortalecer la estructura legal y las operaciones de nuestros clientes, asegurando su crecimiento y conformidad [&hellip;]<\/p>\n","protected":false},"author":1,"featured_media":0,"parent":0,"menu_order":0,"comment_status":"closed","ping_status":"closed","template":"","meta":{"_joinchat":[],"footnotes":""},"class_list":["post-434","page","type-page","status-publish","hentry"],"_links":{"self":[{"href":"https:\/\/raisbeck.co\/en\/wp-json\/wp\/v2\/pages\/434","targetHints":{"allow":["GET"]}}],"collection":[{"href":"https:\/\/raisbeck.co\/en\/wp-json\/wp\/v2\/pages"}],"about":[{"href":"https:\/\/raisbeck.co\/en\/wp-json\/wp\/v2\/types\/page"}],"author":[{"embeddable":true,"href":"https:\/\/raisbeck.co\/en\/wp-json\/wp\/v2\/users\/1"}],"replies":[{"embeddable":true,"href":"https:\/\/raisbeck.co\/en\/wp-json\/wp\/v2\/comments?post=434"}],"version-history":[{"count":17,"href":"https:\/\/raisbeck.co\/en\/wp-json\/wp\/v2\/pages\/434\/revisions"}],"predecessor-version":[{"id":1544,"href":"https:\/\/raisbeck.co\/en\/wp-json\/wp\/v2\/pages\/434\/revisions\/1544"}],"wp:attachment":[{"href":"https:\/\/raisbeck.co\/en\/wp-json\/wp\/v2\/media?parent=434"}],"curies":[{"name":"wp","href":"https:\/\/api.w.org\/{rel}","templated":true}]}}