{"id":3,"date":"2024-01-29T23:19:55","date_gmt":"2024-01-29T23:19:55","guid":{"rendered":"https:\/\/raisbeck.co\/?page_id=3"},"modified":"2024-02-27T14:51:04","modified_gmt":"2024-02-27T14:51:04","slug":"privacy-policy","status":"publish","type":"page","link":"https:\/\/raisbeck.co\/en\/privacy-policy\/","title":{"rendered":"Privacy Policy"},"content":{"rendered":"<div data-elementor-type=\"wp-page\" data-elementor-id=\"3\" class=\"elementor elementor-3\" data-elementor-settings=\"{&quot;element_pack_global_tooltip_width&quot;:{&quot;unit&quot;:&quot;px&quot;,&quot;size&quot;:&quot;&quot;,&quot;sizes&quot;:[]},&quot;element_pack_global_tooltip_width_tablet&quot;:{&quot;unit&quot;:&quot;px&quot;,&quot;size&quot;:&quot;&quot;,&quot;sizes&quot;:[]},&quot;element_pack_global_tooltip_width_mobile&quot;:{&quot;unit&quot;:&quot;px&quot;,&quot;size&quot;:&quot;&quot;,&quot;sizes&quot;:[]},&quot;element_pack_global_tooltip_padding&quot;:{&quot;unit&quot;:&quot;px&quot;,&quot;top&quot;:&quot;&quot;,&quot;right&quot;:&quot;&quot;,&quot;bottom&quot;:&quot;&quot;,&quot;left&quot;:&quot;&quot;,&quot;isLinked&quot;:true},&quot;element_pack_global_tooltip_padding_tablet&quot;:{&quot;unit&quot;:&quot;px&quot;,&quot;top&quot;:&quot;&quot;,&quot;right&quot;:&quot;&quot;,&quot;bottom&quot;:&quot;&quot;,&quot;left&quot;:&quot;&quot;,&quot;isLinked&quot;:true},&quot;element_pack_global_tooltip_padding_mobile&quot;:{&quot;unit&quot;:&quot;px&quot;,&quot;top&quot;:&quot;&quot;,&quot;right&quot;:&quot;&quot;,&quot;bottom&quot;:&quot;&quot;,&quot;left&quot;:&quot;&quot;,&quot;isLinked&quot;:true},&quot;element_pack_global_tooltip_border_radius&quot;:{&quot;unit&quot;:&quot;px&quot;,&quot;top&quot;:&quot;&quot;,&quot;right&quot;:&quot;&quot;,&quot;bottom&quot;:&quot;&quot;,&quot;left&quot;:&quot;&quot;,&quot;isLinked&quot;:true},&quot;element_pack_global_tooltip_border_radius_tablet&quot;:{&quot;unit&quot;:&quot;px&quot;,&quot;top&quot;:&quot;&quot;,&quot;right&quot;:&quot;&quot;,&quot;bottom&quot;:&quot;&quot;,&quot;left&quot;:&quot;&quot;,&quot;isLinked&quot;:true},&quot;element_pack_global_tooltip_border_radius_mobile&quot;:{&quot;unit&quot;:&quot;px&quot;,&quot;top&quot;:&quot;&quot;,&quot;right&quot;:&quot;&quot;,&quot;bottom&quot;:&quot;&quot;,&quot;left&quot;:&quot;&quot;,&quot;isLinked&quot;:true}}\" data-elementor-post-type=\"page\">\n\t\t\t\t<div class=\"elementor-element elementor-element-1381edf1 e-flex e-con-boxed e-con e-parent\" data-id=\"1381edf1\" data-element_type=\"container\" data-e-type=\"container\" data-settings=\"{&quot;jet_parallax_layout_list&quot;:[]}\">\n\t\t\t\t\t<div class=\"e-con-inner\">\n\t\t\t\t<div class=\"elementor-element elementor-element-343a4abe elementor-widget elementor-widget-text-editor\" data-id=\"343a4abe\" data-element_type=\"widget\" data-e-type=\"widget\" data-widget_type=\"text-editor.default\">\n\t\t\t\t<div class=\"elementor-widget-container\">\n\t\t\t\t\t\t\t\t\t\n<p><b>TERMS AND CONDITIONS OF USE OF THE <\/b><a href=\"https:\/\/raisbeck.co\/en\/\"><b>WWW.RAISBECK.CO <\/b><\/a><b>AND <\/b><b>PERSONAL INFORMATION TREATMENT POLICY<\/b><\/p>\n<ol>\n<li><b> LEGAL DISCLAIMER<\/b><\/li>\n<\/ol>\n<ol>\n<li><span style=\"font-weight: 400;\"> The website www.raisbeck.co (hereinafter \"the site\") is owned and operated by RAISBECK &amp; ASSOCIATES S.A.S. (hereinafter \"RAISBECK\"), a Colombian corporation, validly incorporated and currently existing, dedicated to providing legal services in different fields of law in Colombia.<\/span><\/li>\n<\/ol>\n<ol start=\"2\">\n<li><span style=\"font-weight: 400;\"> All the content of the site is for information purposes only and in no way can the use of the site be understood as legal advice. The site and the information contained on the site does not in any way replace the advice of an attorney, and should not be used to make legal decisions. RAISBECK nor any of its partners or employees, will be responsible for the use of the site or the use of the information contained in the site, nor for the damages that can be caused, directly or indirectly, by the use of the site or the use of the information contained in the site.<\/span><\/li>\n<\/ol>\n<ol start=\"3\">\n<li><span style=\"font-weight: 400;\"> The use of the site to obtain information, or to send information to, or requests information from, RAISBECK, in no way generates a contractual relationship or any other relationship with RAISBECK. In case of requesting legal advice from RAISBECK, you must directly contact an attorney affiliated to RAISBECK, and there will only be a contractual relationship between RAISBECK and you in case of signing a written legal advice contract between you and RAISBECK.<\/span><\/li>\n<\/ol>\n<ol start=\"4\">\n<li><span style=\"font-weight: 400;\"> You should not send confidential information, trade secrets or other reserved information to RAISBECK, unless RAISBECK expressly and in writing requests such information from you, since sending information to RAISBECK as such does not generate any professional obligation from RAISBECK to maintain the confidentiality, secrecy or reserve over said information, nor does it generate per se any client-attorney relationship or privilege.<\/span><\/li>\n<\/ol>\n<ol start=\"5\">\n<li><span style=\"font-weight: 400;\"> Any information you submit to RAISBECK must be true and in no way may it impersonate another person or identify or represent yourself as a different person. Sending RAISBECK information that does not meet these criteria may lead to legal sanctions.<\/span><\/li>\n<\/ol>\n<ol>\n<li><b> PERSONAL INFORMATION TREATMENT POLICY FOR NATURAL AND\/OR LEGAL PERSONS<\/b><\/li>\n<\/ol>\n<ol>\n<li><b> OBJECTIVE<\/b><\/li>\n<\/ol>\n<p><span style=\"font-weight: 400;\">By means of the present Personal Information Treatment Policy, compliance is made with the provisions of article 17 (k) of Law 1581 of 2012, in accordance with chapter III of Regulatory Decree 1377 of 2013, which regulates the duties which assist those Responsible for the Treatment of Personal Information, within which is to adopt an internal manual of policies and procedures to ensure proper compliance with the law. Likewise, it has the purpose of regulating the procedures for the processing of personal information carried out by RAISBECK &amp; ASSOCIATES S.A.S. (hereinafter \"RAISBECK\"), in order to guarantee and protect the fundamental right of Habeas Data within the framework of aforementioned Law 1581 of 2012, article 15 of the Colombian Constitution and other regulations that modify, clarify, regulate or add to them.<\/span><\/p>\n<ol start=\"2\">\n<li><b> SCOPE<\/b><\/li>\n<\/ol>\n<p><span style=\"font-weight: 400;\">This Internal Policy is applicable to the Treatment of Personal Information contained in RAISBECK\u2019s databases.<\/span><\/p>\n<ol start=\"3\">\n<li><b> RESPONSIBILITY<\/b><\/li>\n<\/ol>\n<p><span style=\"font-weight: 400;\">The person Responsible for the Treatment of the Information is RAISBECK WITH address at Carrera 10 # 97A - 13, Torre A, Office 507, Bogota D.C, Colombia, email: office@raisbeck.co, and telephone number +57 601 5148282. <\/span><a href=\"mailto:office@raisbeck.co\"><span style=\"font-weight: 400;\">office@raisbeck.co<\/span><\/a><span style=\"font-weight: 400;\"> y tel\u00e9fono: +57 601 5148282.<\/span><\/p>\n<ol start=\"4\">\n<li><b> DEFINITIONS<\/b><\/li>\n<\/ol>\n<p><b>4.1 Privacy Statement<\/b><span style=\"font-weight: 400;\"> Verbal or written communication generated by the Responsible person, directed to the Holder, for the Treatment of his\/her Personal Information, by means of which he\/she is informed of the existence of the Information Treatment Policies that will be applicable to him\/her, the means to access the same and the purpose of the Treatment to which his\/her Personal Information will be subjected.<\/span><span style=\"font-weight: 400;\"><br \/><br \/><\/span><\/p>\n<p><b>4.2 Database:<\/b><span style=\"font-weight: 400;\"> Organized set of Personal Information that is the object of Treatment.<\/span><span style=\"font-weight: 400;\"><br \/><br \/><\/span><\/p>\n<p><b>4.3 Personal Information:<\/b><span style=\"font-weight: 400;\"> Any information linked to or associated with one or more specific or determinable natural persons.<\/span><span style=\"font-weight: 400;\"><br \/><br \/><\/span><\/p>\n<p><b>4.4 Sensitive Information:<\/b><span style=\"font-weight: 400;\"> Such information that affects the intimacy of the Holder or which misuse may generate discrimination.<\/span><span style=\"font-weight: 400;\"><br \/><br \/><\/span><\/p>\n<p><b>4.5. Person In Charge of Treatment:<\/b><span style=\"font-weight: 400;\"> Natural or legal person, public or private, who on its own or in association with others, performs the Treatment of Personal Information on behalf of the person Responsible for the Treatment.<\/span><span style=\"font-weight: 400;\"><br \/><br \/><\/span><\/p>\n<p><b>4.6. Responsible for Treatment:<\/b><span style=\"font-weight: 400;\"> Natural or legal person, public or private, who on its own or in association with others, performs the Treatment of Personal Information on behalf of the person Responsible for the Treatment.<\/span><span style=\"font-weight: 400;\"><br \/><br \/><\/span><\/p>\n<p><b>4.7 Holder:<\/b><span style=\"font-weight: 400;\"> Natural or legal person, public or private, who on its own or in association with others, decides over the Databases or the Treatment of the Information.<\/span><span style=\"font-weight: 400;\"><br \/><br \/><\/span><\/p>\n<p><b>4.8. Transfer:<\/b><span style=\"font-weight: 400;\"> The Transfer of Information takes place when the Person In Charge of Treatment and\/or Responsible for the Treatment of Personal Information, located in Colombia, sends Personal Information to a receiver, who is also Responsible for the Treatment and is inside or outside the country.<\/span><span style=\"font-weight: 400;\"><br \/><br \/><\/span><\/p>\n<p><b>4.9. Responsible for Treatment:<\/b><span style=\"font-weight: 400;\"> Natural or legal person, public or private, who on its own or in association with others, decides over the Databases or the Treatment of the Information.<\/span><span style=\"font-weight: 400;\"><br \/><br \/><\/span><\/p>\n<p><b>4.10. Treatment:<\/b><span style=\"font-weight: 400;\"> Any operation or set of operations on Personal Information, such as collection, storage, use, circulation or deletion.<\/span><\/p>\n<ol start=\"5\">\n<li><b> REGULATORY FRAMEWORK<\/b><\/li>\n<\/ol>\n<p><b>5.1.<\/b><span style=\"font-weight: 400;\"> Article 15 of the Colombian Constitution<\/span><span style=\"font-weight: 400;\"><br \/><br \/><\/span><\/p>\n<p><b>5.2.<\/b><span style=\"font-weight: 400;\"> Statutory Law No. 1266 of December 31, 2008<\/span><span style=\"font-weight: 400;\"><br \/><br \/><\/span><\/p>\n<p><b>5.3.<\/b><span style=\"font-weight: 400;\"> Statutory Law No. 1581 of October 17, 2012<\/span><span style=\"font-weight: 400;\"><br \/><br \/><\/span><\/p>\n<p><b>5.4.<\/b><span style=\"font-weight: 400;\"> Decree 1377 of June 27, 2013<\/span><span style=\"font-weight: 400;\"><br \/><br \/><\/span><\/p>\n<p><b>5.5.<\/b><span style=\"font-weight: 400;\"> Decree 886 of May 13, 2014<\/span><span style=\"font-weight: 400;\"><br \/><br \/><\/span><\/p>\n<p><b>5.6.<\/b><span style=\"font-weight: 400;\"> External Circular No. 002 of November 03, 2015 of the Superintendency of Industry and Commerce (SIC)<\/span><\/p>\n<ol start=\"6\">\n<li><b> DEVELOPMENT<\/b><\/li>\n<\/ol>\n<p><b>6.1. TREATMENT TO WHICH PERSONAL INFORMATION SHALL BE SUBMITTED AND PURPOSE.<\/b><\/p>\n<p><span style=\"font-weight: 400;\">The treatment that RAISBECK will give to the Personal Information contained in its Databases and it purpose, will be established in the Privacy Statement.<\/span><\/p>\n<p><b>6.2. RIGHTS THAT ASSIST YOU AS A HOLDER<\/b><\/p>\n<p><span style=\"font-weight: 400;\">Without prejudice to other rights established by the Colombian Constitution, Law 1581 of 2012 and regulations that clarify, modify, regulate or add to them, the Holders have the right to:<\/span><\/p>\n<ol>\n<li><span style=\"font-weight: 400;\">a) Know, update and rectify your Personal Data held by RAISBECK in its capacity as Responsible for Treatment.<br \/><br \/><\/span><span style=\"font-weight: 400;\">b) Request proof of the Authorization granted to RAISBECK unless expressly excepted as a requirement for the Treatment, in accordance with the provisions of article 10 of Law 1581 of 2012<\/span><\/li>\n<\/ol>\n<ol>\n<li><span style=\"font-weight: 400;\">c) Be informed by RAISBECK, upon request, regarding the use that RAISBECK has given to his Personal Data.<\/span><\/li>\n<\/ol>\n<ol>\n<li><span style=\"font-weight: 400;\">d) To submit complaints to the Superintendency of Industry and Commerce for violations of the provisions of Law 1581 of 2012 and other regulations that modify, add or complement it.<\/span><\/li>\n<\/ol>\n<ol>\n<li><span style=\"font-weight: 400;\">e) To revoke the Authorization or request the suppression of the information when as part of the Treatment, the principles, rights and constitutional and legal guarantees are not respected.<\/span><\/li>\n<\/ol>\n<ol>\n<li><span style=\"font-weight: 400;\">f) Provide free access to Personal Information that has been subject to Treatment.<\/span><\/li>\n<\/ol>\n<p><b>6.3. PERSON OR AREA RESPONSIBLE FOR THE ATTENTION OF PETITIONS, COMPLAINTS AND CLAIMS TO WHICH THE INFORMATION HOLDER MAY EXERCISE HIS\/HER RIGHTS TO KNOW, UPDATE, RECTIFY AND SUPPRESS THE INFORMATION AND REVOKE THE AUTHORIZATION.<\/b><\/p>\n<p><span style=\"font-weight: 400;\">The Management of the administrative area of RAISBECK is the area before which the Holders may raise their requests so that RAISBECK, as Responsible for Treatment, performs the necessary actions for the Holder to exercise his\/her rights.<\/span><\/p>\n<p><b>6.4. PROCEDURE FOR INFORMATION HOLDERS TO EXERCISE THE RIGHTS TO KNOW, UPDATE, RECTIFY AND DELETE INFORMATION AND REPEAL THE AUTHORIZATION.\u00a0<\/b><\/p>\n<p><b>6.4.1. Procedure for the attention of petitions, complaints and claims:<\/b><span style=\"font-weight: 400;\"> The request for petitions, complaints or claims must be submitted through the email provided by RAISBECK for this purpose, in accordance with the provisions of the Privacy Statement and must contain at least the following information:<\/span><\/p>\n<ol>\n<li><span style=\"font-weight: 400;\">a) Identification of the Holder: Full name and address of the Holder or indication of any other means to receive the response from the Responsible for Treatment.<\/span><\/li>\n<\/ol>\n<ol>\n<li><span style=\"font-weight: 400;\">b) Identification of the Successor : In the event of acting as a successor in title, successor in title must provide documents evidencing such capacity with respect to the Holder of the Personal Information.<\/span><\/li>\n<\/ol>\n<ol>\n<li><span style=\"font-weight: 400;\">c) Description of the Personal Information: Clear and precise description of the Personal Information in respect of which the Holder intends to exercise any of the rights.<\/span><\/li>\n<\/ol>\n<ol>\n<li><span style=\"font-weight: 400;\">d) Claim: In the event of a claim, the Holder or his successor in title shall describe the facts that give rise to the claim along with the documents that support the claim.<\/span><\/li>\n<\/ol>\n<ol>\n<li><span style=\"font-weight: 400;\">e) Other: Any additional document to the aforementioned that identifies the relationship between the Holder and RAISBECK as an employee, supplier, client or other.<\/span><\/li>\n<\/ol>\n<p><b>6.4.2. Response times<\/b><\/p>\n<p><span style=\"font-weight: 400;\">The requests for petitions, complaints or claims will be answered within the times established in Title V of Law 1581 of 2012 or in the terms of the regulations that clarify, add or modify it.<\/span><\/p>\n<p><b>Means enabled for queries and complaints<\/b><\/p>\n<p><span style=\"font-weight: 400;\">The petition, complaint or claim must be made in writing, either physical or digital, addressed to the Administrative Management of RAISBECK using the information contained in numeral 3 of this document.<\/span><\/p>\n<ol start=\"7\">\n<li><b> PRIVACY STATEMENT FOR THE TREATMENT OF PERSONAL INFORMATION\u00a0<\/b><\/li>\n<\/ol>\n<p><span style=\"font-weight: 400;\">The Privacy Notice for the Processing of Personal Data contained in RAISBECK\u2019s Databases will inform the Holder of the existence of this policy and the way in which it can obtain access to it.<\/span><\/p>\n<ol start=\"8\">\n<li><b> PERSON IN CHARGE OF TREATMENT OF PERSONAL INFORMATION<\/b><\/li>\n<\/ol>\n<p><span style=\"font-weight: 400;\">The duties of the Person In Charge of Treatment of Personal Information shall be those established in article 18 of Law 1581 of 2012.<\/span><\/p>\n<ol start=\"9\">\n<li><b> NATIONAL AND INTERNATIONAL TRANSFER AND TRANSMISSION OF PERSONAL INFORMATION<\/b><\/li>\n<\/ol>\n<p><span style=\"font-weight: 400;\">The contract RAISBECK enters into with the Persons In Charge of Treatment of Personal Information under its control and responsibility shall contain:<\/span><\/p>\n<p><span style=\"font-weight: 400;\">\u27a2 Scope of the Treatment;<\/span><span style=\"font-weight: 400;\"><br \/><br \/><\/span><\/p>\n<p><span style=\"font-weight: 400;\">\u27a2Obligations of the Person In Charge of Treatment of the Personal Information with respect to the Holder.<\/span><span style=\"font-weight: 400;\"><br \/><br \/><\/span><\/p>\n<p><span style=\"font-weight: 400;\">\u27a2 Activities that the Person In Charge of Treatment of the Personal Information will carry out on behalf of the Responsible for Treatment;<\/span><\/p>\n<ol start=\"10\">\n<li><b> INFORMATION SECURITY AND SECURITY MEASURES\u00a0<\/b><\/li>\n<\/ol>\n<p><span style=\"font-weight: 400;\">In compliance with the security principle established in the current regulations governing data protection, RAISBECK has the technical, human and administrative measures necessary to provide security for the records, preventing their adulteration, loss, consultation, unauthorized or fraudulent use or access .<\/span><\/p>\n<p><span style=\"font-weight: 400;\">For RAISBECK information is a fundamental asset for the provision of its services, which is why there is an express commitment to protect it, based upon the management of risk and the consolidation of a security culture. RAISBECK employs an information security model based on Google's administrative tools, as they allow identifying and minimizing the risks to which the information is exposed, thus reducing administrative costs.<\/span><span style=\"font-weight: 400;\"><br \/><\/span><span style=\"font-weight: 400;\"><br \/><\/span><span style=\"font-weight: 400;\">There is a security process performed by the IT administrator, who accompanies, supervises and supports each of the security processes, covering the following topics:<\/span><\/p>\n<p><span style=\"font-weight: 400;\">\u27a2Confidentiality agreement<\/span><span style=\"font-weight: 400;\"><br \/><br \/><\/span><\/p>\n<p><span style=\"font-weight: 400;\">\u27a2Proper use of digital files<\/span><span style=\"font-weight: 400;\"><br \/><br \/><\/span><\/p>\n<p><span style=\"font-weight: 400;\">\u27a2Internet access<\/span><span style=\"font-weight: 400;\"><br \/><br \/><\/span><\/p>\n<p><span style=\"font-weight: 400;\">\u27a2Email<\/span><span style=\"font-weight: 400;\"><br \/><br \/><\/span><\/p>\n<p><span style=\"font-weight: 400;\">\u27a2Protection against malicious software<\/span><span style=\"font-weight: 400;\"><br \/><br \/><\/span><\/p>\n<p><span style=\"font-weight: 400;\">\u27a2Backups<\/span><span style=\"font-weight: 400;\"><br \/><br \/><\/span><\/p>\n<p><span style=\"font-weight: 400;\">\u27a2Mobile or magnetic media<\/span><span style=\"font-weight: 400;\"><br \/><br \/><\/span><\/p>\n<p><span style=\"font-weight: 400;\">\u27a2Logical access control<\/span><span style=\"font-weight: 400;\"><br \/><br \/><\/span><\/p>\n<p><span style=\"font-weight: 400;\">\u27a2User password management<\/span><span style=\"font-weight: 400;\"><br \/><br \/><\/span><\/p>\n<p><span style=\"font-weight: 400;\">\u27a2Identification of security requirements<\/span><\/p>\n<ol start=\"11\">\n<li><b> SENSITIVE DATA<\/b><\/li>\n<\/ol>\n<p><span style=\"font-weight: 400;\">The Holder has the right to choose not to supply any sensitive information requested by RAISBECK, related to, among other things, information on racial or ethnic origin, membership to trade unions, social or human rights organizations, political, religious or sexual preferences, biometric data or health information. In any case, RAISBECK will refrain from collecting sensitive data from the Holder, if possible, and will treat it as stipulated in Article 5 of Law 1581.<\/span><\/p>\n<ol start=\"12\">\n<li><b> DATE OF ENTRY INTO FORCE AND DURATION<\/b><\/li>\n<\/ol>\n<p><span style=\"font-weight: 400;\">The present policy will take effect from its issue date. The Personal Information upon which Treatment is performed in any of our Databases, will remain therein as long as necessary for the purposes mentioned in this Policy, and for which they were collected.<\/span><\/p>\n<ol start=\"13\">\n<li><b> ANNEXES<\/b><\/li>\n<\/ol>\n<p><b>ANNEX I - PRIVACY NOTICE OF RAISBECK &amp; ASSOCIATES S.A.S.<\/b><\/p>\n<p><span style=\"font-weight: 400;\">RAISBECK &amp; ASSOCIATES S.A.S. (hereinafter \u201cRAISBECK\u201d), a corporation incorporated under the laws of Colombia, domiciled in Bogota D.C., acting as Responsible for Treatment of Personal Information, informs all its interest parties that it has an Information Treatment Policy.<\/span><\/p>\n<p><span style=\"font-weight: 400;\">The present Privacy Statement sets out the terms and conditions under which RAISBECK, domiciled at Carrera 10 # 97A - 13, Torre A, Office 597, Bogota D.C., performs the Treatment of Personal Information contained in its Databases.<\/span><\/p>\n<p><span style=\"font-weight: 400;\">The Personal Information provided to RAISBECK may be processed, collected, stored, used, circulated, deleted, shared, updated, transmitted or transferred in whole or in part to the different areas of RAISBECK, as well as to contractors and associates, when this is required for commercial, financial, administrative and operative purposes, mainly to fulfill and to improve in the best manner possible RAISBECK\u2019s objectives.<\/span><\/p>\n<p><span style=\"font-weight: 400;\">As Holder of your Personal Information you have the right to:<\/span><\/p>\n<ol>\n<li><span style=\"font-weight: 400;\">a) Know, update and rectify your Personal Information held by RAISBECK in its capacity as Responsible for Treatment. This right may be exercised, among others, over partial, inaccurate, incomplete, fractionated Information, which is misleading or which treatment is expressly prohibited or has not been authorized.<br \/><br \/><\/span><span style=\"font-weight: 400;\">b) Request proof of the Authorization granted to RAISBECK unless expressly excepted as a requirement for the Treatment, in accordance with the provisions of article 10 of Law 1581 of 2012<\/span><\/li>\n<\/ol>\n<ol>\n<li><span style=\"font-weight: 400;\">c) Be informed by RAISBECK, upon request, regarding the use that RAISBECK has given to your Personal Information.<\/span><\/li>\n<\/ol>\n<ol>\n<li><span style=\"font-weight: 400;\">d) To submit complaints to the Superintendency of Industry and Commerce for violations of the provisions of Law 1581 of 2012 and other regulations that modify, add or complement it.<\/span><\/li>\n<\/ol>\n<ol>\n<li><span style=\"font-weight: 400;\">e) To revoke the Authorization or request the suppression of the information when as part of the Treatment, the principles, rights and constitutional and legal guarantees are not respected.<\/span><\/li>\n<\/ol>\n<ol>\n<li><span style=\"font-weight: 400;\">f) Provide free access to Personal Information that has been subject to Treatment.<\/span><\/li>\n<\/ol>\n<h4 class=\"wp-block-heading\"><em><strong>If you as a Holder wish to make use of one or more of your previously stated rights and\/or wish have access to RAISBECK\u2019s Personal Information Treatment Policy, please contact us by email at <a href=\"mailto:office@raisbeck.co\">office@raisbeck.co<\/a> or by telephone at +57 601 5148282 requesting guidance over procedures created for this purpose, and which has been described and regulated in RAISBECK\u2019s Personal Information Treatment Policy.<\/strong><\/em><\/h4>\n\t\t\t\t\t\t\t\t<\/div>\n\t\t\t\t<\/div>\n\t\t\t\t\t<\/div>\n\t\t\t\t<\/div>\n\t\t\t\t<\/div>","protected":false},"excerpt":{"rendered":"<p>T\u00c9RMINOS Y CONDICIONES DE USO DE LA P\u00c1GINA WEB WWW.RAISBECK.CO Y POL\u00cdTICA DE TRATAMIENTO DE DATOS PERSONALES AVISO LEGAL El sitio web www.raisbeck.co (en adelante \u201cel sitio\u201d) es de titularidad de, y operado por, RAISBECK &amp; ASSOCIATES S.A.S. (en adelante \u201cRAISBECK\u201d), sociedad colombiana, v\u00e1lidamente constituida y actualmente existente, dedicada a la prestaci\u00f3n de servicios legales [&hellip;]<\/p>\n","protected":false},"author":1,"featured_media":0,"parent":0,"menu_order":0,"comment_status":"closed","ping_status":"open","template":"","meta":{"_joinchat":[],"footnotes":""},"class_list":["post-3","page","type-page","status-publish","hentry"],"_links":{"self":[{"href":"https:\/\/raisbeck.co\/en\/wp-json\/wp\/v2\/pages\/3","targetHints":{"allow":["GET"]}}],"collection":[{"href":"https:\/\/raisbeck.co\/en\/wp-json\/wp\/v2\/pages"}],"about":[{"href":"https:\/\/raisbeck.co\/en\/wp-json\/wp\/v2\/types\/page"}],"author":[{"embeddable":true,"href":"https:\/\/raisbeck.co\/en\/wp-json\/wp\/v2\/users\/1"}],"replies":[{"embeddable":true,"href":"https:\/\/raisbeck.co\/en\/wp-json\/wp\/v2\/comments?post=3"}],"version-history":[{"count":6,"href":"https:\/\/raisbeck.co\/en\/wp-json\/wp\/v2\/pages\/3\/revisions"}],"predecessor-version":[{"id":642,"href":"https:\/\/raisbeck.co\/en\/wp-json\/wp\/v2\/pages\/3\/revisions\/642"}],"wp:attachment":[{"href":"https:\/\/raisbeck.co\/en\/wp-json\/wp\/v2\/media?parent=3"}],"curies":[{"name":"wp","href":"https:\/\/api.w.org\/{rel}","templated":true}]}}