{"id":13,"date":"2024-01-30T14:50:30","date_gmt":"2024-01-30T14:50:30","guid":{"rendered":"https:\/\/raisbeck.co\/?page_id=13"},"modified":"2024-03-31T22:36:17","modified_gmt":"2024-04-01T03:36:17","slug":"inicio","status":"publish","type":"page","link":"https:\/\/raisbeck.co\/en\/","title":{"rendered":"Home"},"content":{"rendered":"<div data-elementor-type=\"wp-page\" data-elementor-id=\"13\" class=\"elementor elementor-13\" data-elementor-settings=\"{&quot;element_pack_global_tooltip_width&quot;:{&quot;unit&quot;:&quot;px&quot;,&quot;size&quot;:&quot;&quot;,&quot;sizes&quot;:[]},&quot;element_pack_global_tooltip_width_tablet&quot;:{&quot;unit&quot;:&quot;px&quot;,&quot;size&quot;:&quot;&quot;,&quot;sizes&quot;:[]},&quot;element_pack_global_tooltip_width_mobile&quot;:{&quot;unit&quot;:&quot;px&quot;,&quot;size&quot;:&quot;&quot;,&quot;sizes&quot;:[]},&quot;element_pack_global_tooltip_padding&quot;:{&quot;unit&quot;:&quot;px&quot;,&quot;top&quot;:&quot;&quot;,&quot;right&quot;:&quot;&quot;,&quot;bottom&quot;:&quot;&quot;,&quot;left&quot;:&quot;&quot;,&quot;isLinked&quot;:true},&quot;element_pack_global_tooltip_padding_tablet&quot;:{&quot;unit&quot;:&quot;px&quot;,&quot;top&quot;:&quot;&quot;,&quot;right&quot;:&quot;&quot;,&quot;bottom&quot;:&quot;&quot;,&quot;left&quot;:&quot;&quot;,&quot;isLinked&quot;:true},&quot;element_pack_global_tooltip_padding_mobile&quot;:{&quot;unit&quot;:&quot;px&quot;,&quot;top&quot;:&quot;&quot;,&quot;right&quot;:&quot;&quot;,&quot;bottom&quot;:&quot;&quot;,&quot;left&quot;:&quot;&quot;,&quot;isLinked&quot;:true},&quot;element_pack_global_tooltip_border_radius&quot;:{&quot;unit&quot;:&quot;px&quot;,&quot;top&quot;:&quot;&quot;,&quot;right&quot;:&quot;&quot;,&quot;bottom&quot;:&quot;&quot;,&quot;left&quot;:&quot;&quot;,&quot;isLinked&quot;:true},&quot;element_pack_global_tooltip_border_radius_tablet&quot;:{&quot;unit&quot;:&quot;px&quot;,&quot;top&quot;:&quot;&quot;,&quot;right&quot;:&quot;&quot;,&quot;bottom&quot;:&quot;&quot;,&quot;left&quot;:&quot;&quot;,&quot;isLinked&quot;:true},&quot;element_pack_global_tooltip_border_radius_mobile&quot;:{&quot;unit&quot;:&quot;px&quot;,&quot;top&quot;:&quot;&quot;,&quot;right&quot;:&quot;&quot;,&quot;bottom&quot;:&quot;&quot;,&quot;left&quot;:&quot;&quot;,&quot;isLinked&quot;:true}}\" data-elementor-post-type=\"page\">\n\t\t\t\t<div class=\"elementor-element elementor-element-f22292c e-con-full e-flex e-con e-parent\" data-id=\"f22292c\" data-element_type=\"container\" data-e-type=\"container\" data-settings=\"{&quot;jet_parallax_layout_list&quot;:[]}\">\n\t\t<div class=\"elementor-element elementor-element-fa5c874 e-con-full e-flex e-con e-child\" data-id=\"fa5c874\" data-element_type=\"container\" data-e-type=\"container\" data-settings=\"{&quot;jet_parallax_layout_list&quot;:[]}\">\n\t\t\t\t<div class=\"elementor-element elementor-element-be6c8be elementor-widget elementor-widget-jet-slider\" data-id=\"be6c8be\" data-element_type=\"widget\" data-e-type=\"widget\" data-settings=\"{&quot;slider_height&quot;:{&quot;unit&quot;:&quot;vh&quot;,&quot;size&quot;:100,&quot;sizes&quot;:[]},&quot;slider_height_tablet&quot;:{&quot;unit&quot;:&quot;vh&quot;,&quot;size&quot;:&quot;&quot;,&quot;sizes&quot;:[]},&quot;slider_height_mobile&quot;:{&quot;unit&quot;:&quot;vh&quot;,&quot;size&quot;:&quot;&quot;,&quot;sizes&quot;:[]}}\" data-widget_type=\"jet-slider.default\">\n\t\t\t\t<div class=\"elementor-widget-container\">\n\t\t\t\t\t<div class=\"elementor-jet-slider jet-elements\">\n<div class=\"jet-slider jet-slider__image-exact\" data-settings='{&quot;sliderWidth&quot;:{&quot;unit&quot;:&quot;%&quot;,&quot;size&quot;:100,&quot;sizes&quot;:[]},&quot;sliderHeight&quot;:{&quot;unit&quot;:&quot;vh&quot;,&quot;size&quot;:100,&quot;sizes&quot;:[]},&quot;sliderNavigation&quot;:true,&quot;sliderNavigationIcon&quot;:&quot;jet-slider__arrow-icon-be6c8be&quot;,&quot;sliderNaviOnHover&quot;:false,&quot;sliderPagination&quot;:false,&quot;sliderAutoplay&quot;:true,&quot;sliderAutoplayDelay&quot;:5000,&quot;sliderAutoplayOnHover&quot;:&quot;pause&quot;,&quot;sliderFullScreen&quot;:false,&quot;sliderFullscreenIcon&quot;:&quot;jet-slider__fullscreen-icon-be6c8be&quot;,&quot;sliderShuffle&quot;:false,&quot;sliderLoop&quot;:true,&quot;sliderFadeMode&quot;:true,&quot;slideDistance&quot;:{&quot;unit&quot;:&quot;px&quot;,&quot;size&quot;:10,&quot;sizes&quot;:[]},&quot;slideDuration&quot;:500,&quot;imageScaleMode&quot;:&quot;exact&quot;,&quot;thumbnails&quot;:false,&quot;thumbnailWidth&quot;:120,&quot;thumbnailHeight&quot;:80,&quot;rightToLeft&quot;:false,&quot;touchswipe&quot;:true,&quot;fractionPag&quot;:false,&quot;fractionPrefix&quot;:&quot;&quot;,&quot;fractionSeparator&quot;:&quot;\\\/&quot;,&quot;fractionSuffix&quot;:&quot;&quot;,&quot;autoSliderHeight&quot;:false}'>\n\t\n<div  class=\"slider-pro\">\n\t<div class=\"jet-slider__arrow-icon-be6c8be hidden-html\"><svg xmlns=\"http:\/\/www.w3.org\/2000\/svg\" id=\"uuid-7ad7e815-06c9-4dd6-a6cd-2395107ae522\" data-name=\"Layer 2\" viewbox=\"0 0 28.61 55.25\"><g id=\"uuid-607336ce-238a-4f52-84a4-0af70c7e38c4\" data-name=\"Layer 1\"><path d=\"m0,27.59c-.02-.61.41-.94.77-1.3,6.64-6.65,13.28-13.29,19.93-19.93,1.83-1.83,3.66-3.66,5.49-5.49.23-.23.47-.48.75-.66.44-.28.93-.3,1.32.09.39.39.38.89.1,1.32-.24.37-.57.67-.89.99C19.46,10.64,11.44,18.68,3.39,26.69c-.71.71-.77,1.09-.02,1.83,8.08,8.03,16.13,16.1,24.17,24.16.61.61,1.6,1.29.72,2.2-.88.92-1.58-.04-2.2-.65C17.64,45.8,9.22,37.38.8,28.96c-.39-.39-.86-.74-.79-1.37Z\"><\/path><\/g><\/svg><\/div><div class=\"jet-slider__fullscreen-icon-be6c8be hidden-html\"><\/div>\t<div class=\"jet-slider__items sp-slides\">\n\n\n<div  class=\"jet-slider__item sp-slide elementor-repeater-item-955fb35\"><img decoding=\"async\" class=\"sp-image\" src=\"https:\/\/raisbeck.co\/wp-content\/uploads\/2024\/03\/banner-home_4.jpg\" alt=\"R&amp;A\"><div class=\"jet-slider__content sp-layer\" data-position=\"centerCenter\" data-width=\"100%\" data-height=\"100%\" data-horizontal=\"0%\" data-show-transition=\"down\" data-show-duration=\"400\" data-show-delay=\"400\" >\n\t\t<div class=\"jet-slider__content-item\">\n\t\t\t<div class=\"jet-slider__content-inner\"> \n\n\t\t\t\t\t\t<div class=\"jet-slider__button-wrapper\">\t\t\t\t\t\t<\/div><\/div>\n\t\t<\/div>\n\t\t\t<\/div>\n<\/div>\n\n<div  class=\"jet-slider__item sp-slide elementor-repeater-item-d209366\"><img decoding=\"async\" class=\"sp-image\" src=\"https:\/\/raisbeck.co\/wp-content\/uploads\/2024\/03\/banner-home_2.png\" alt=\"banner-home_2\"><div class=\"jet-slider__content sp-layer\" data-position=\"centerCenter\" data-width=\"100%\" data-height=\"100%\" data-horizontal=\"0%\" data-show-transition=\"down\" data-show-duration=\"400\" data-show-delay=\"400\" >\n\t\t<div class=\"jet-slider__content-item\">\n\t\t\t<div class=\"jet-slider__content-inner\"><h5 class=\"jet-slider__title\">PROFESSIONALS<\/h5><h5 class=\"jet-slider__subtitle\">With excellence and ethics<\/h5> \n\n\t\t\t\t\t\t<div class=\"jet-slider__button-wrapper\"><a class=\"elementor-button elementor-size-md jet-slider__button jet-slider__button--primary\" href=\"https:\/\/raisbeck.co\/en\/sobre-nosotros\/\">Learn more<\/a>\t\t\t\t\t\t<\/div><\/div>\n\t\t<\/div>\n\t\t\t<\/div>\n<\/div>\n\n<div  class=\"jet-slider__item sp-slide elementor-repeater-item-10aba71\"><img decoding=\"async\" class=\"sp-image\" src=\"https:\/\/raisbeck.co\/wp-content\/uploads\/2024\/03\/banner-home.png\" alt=\"banner-home\"><div class=\"jet-slider__content sp-layer\" data-position=\"centerCenter\" data-width=\"100%\" data-height=\"100%\" data-horizontal=\"0%\" data-show-transition=\"down\" data-show-duration=\"400\" data-show-delay=\"400\" >\n\t\t<div class=\"jet-slider__content-item\">\n\t\t\t<div class=\"jet-slider__content-inner\"><h5 class=\"jet-slider__title\">INTELLECTUAL PROPERTY <\/h5><h5 class=\"jet-slider__subtitle\">We protect what makes you unique<\/h5> \n\n\t\t\t\t\t\t<div class=\"jet-slider__button-wrapper\"><a class=\"elementor-button elementor-size-md jet-slider__button jet-slider__button--primary\" href=\"https:\/\/raisbeck.co\/en\/propiedad-intelectual\/\">Learn more<\/a>\t\t\t\t\t\t<\/div><\/div>\n\t\t<\/div>\n\t\t\t<\/div>\n<\/div>\n\n<div  class=\"jet-slider__item sp-slide elementor-repeater-item-38c5b04\"><img decoding=\"async\" class=\"sp-image\" src=\"https:\/\/raisbeck.co\/wp-content\/uploads\/2024\/03\/competenciatvc-final_os.jpg\" alt=\"competenciatvc-final_os\"><div class=\"jet-slider__content sp-layer\" data-position=\"centerCenter\" data-width=\"100%\" data-height=\"100%\" data-horizontal=\"0%\" data-show-transition=\"down\" data-show-duration=\"400\" data-show-delay=\"400\" >\n\t\t<div class=\"jet-slider__content-item\">\n\t\t\t<div class=\"jet-slider__content-inner\"><h5 class=\"jet-slider__title\">UNFAIR COMPETITION AND CONSUMER PROTECTION<\/h5><h5 class=\"jet-slider__subtitle\">We specialize in providing comprehensive legal solutions on unfair competition and consumer protection<\/h5> \n\n\t\t\t\t\t\t<div class=\"jet-slider__button-wrapper\"><a class=\"elementor-button elementor-size-md jet-slider__button jet-slider__button--primary\" href=\"https:\/\/raisbeck.co\/en\/competencia-desleal-y-proteccion-al-consumidor\/\">Learn more<\/a>\t\t\t\t\t\t<\/div><\/div>\n\t\t<\/div>\n\t\t\t<\/div>\n<\/div>\n\n<div  class=\"jet-slider__item sp-slide elementor-repeater-item-6841976\"><img decoding=\"async\" class=\"sp-image\" src=\"https:\/\/raisbeck.co\/wp-content\/uploads\/2024\/03\/banner-legal.png\" alt=\"banner-legal\"><div class=\"jet-slider__content sp-layer\" data-position=\"centerCenter\" data-width=\"100%\" data-height=\"100%\" data-horizontal=\"0%\" data-show-transition=\"down\" data-show-duration=\"400\" data-show-delay=\"400\" >\n\t\t<div class=\"jet-slider__content-item\">\n\t\t\t<div class=\"jet-slider__content-inner\"><h5 class=\"jet-slider__title\">DISPUTE RESOLUTION AND LITIGATION<\/h5><h5 class=\"jet-slider__subtitle\">We defend your interests firmly and strategically<\/h5> \n\n\t\t\t\t\t\t<div class=\"jet-slider__button-wrapper\"><a class=\"elementor-button elementor-size-md jet-slider__button jet-slider__button--primary\" href=\"https:\/\/raisbeck.co\/en\/resolucion-de-conflictos-y-litigio\/\">Learn more<\/a>\t\t\t\t\t\t<\/div><\/div>\n\t\t<\/div>\n\t\t\t<\/div>\n<\/div>\n\n<\/div>\n<\/div>\n<\/div>\n<\/div>\t\t\t\t<\/div>\n\t\t\t\t<\/div>\n\t\t\t\t<\/div>\n\t\t\t\t<\/div>\n\t\t<div class=\"elementor-element elementor-element-944d6ca e-flex e-con-boxed e-con e-parent\" data-id=\"944d6ca\" data-element_type=\"container\" data-e-type=\"container\" data-settings=\"{&quot;jet_parallax_layout_list&quot;:[]}\">\n\t\t\t\t\t<div class=\"e-con-inner\">\n\t\t<div class=\"elementor-element elementor-element-c2c55a7 e-con-full e-flex e-con e-child\" data-id=\"c2c55a7\" data-element_type=\"container\" data-e-type=\"container\" data-settings=\"{&quot;jet_parallax_layout_list&quot;:[]}\">\n\t\t\t\t<div class=\"elementor-element elementor-element-2f3771d elementor-widget elementor-widget-text-editor\" data-id=\"2f3771d\" data-element_type=\"widget\" data-e-type=\"widget\" data-widget_type=\"text-editor.default\">\n\t\t\t\t<div class=\"elementor-widget-container\">\n\t\t\t\t\t\t\t\t\t<p><span style=\"color: #ffffff;\"><a style=\"color: #ffffff;\" href=\"https:\/\/raisbeck.co\/en\/privacy-policy\/\" target=\"_blank\" rel=\"noopener\"><span style=\"font-weight: 400;\">Terms and conditions and personal information treatment policy<\/span><\/a><\/span><\/p>\t\t\t\t\t\t\t\t<\/div>\n\t\t\t\t<\/div>\n\t\t\t\t<\/div>\n\t\t<div class=\"elementor-element elementor-element-b6d00f8 e-con-full e-flex e-con e-child\" data-id=\"b6d00f8\" data-element_type=\"container\" data-e-type=\"container\" data-settings=\"{&quot;jet_parallax_layout_list&quot;:[]}\">\n\t\t\t\t<div class=\"elementor-element elementor-element-9722c78 elementor-widget elementor-widget-image\" data-id=\"9722c78\" data-element_type=\"widget\" data-e-type=\"widget\" data-widget_type=\"image.default\">\n\t\t\t\t<div class=\"elementor-widget-container\">\n\t\t\t\t\t\t\t\t\t\t\t\t\t\t\t<img fetchpriority=\"high\" decoding=\"async\" width=\"1024\" height=\"408\" src=\"https:\/\/raisbeck.co\/wp-content\/uploads\/2024\/01\/02-Logo-Raisbeck-Associates-2-1024x408.png\" class=\"attachment-large size-large wp-image-1427\" alt=\"\" srcset=\"https:\/\/raisbeck.co\/wp-content\/uploads\/2024\/01\/02-Logo-Raisbeck-Associates-2-1024x408.png 1024w, https:\/\/raisbeck.co\/wp-content\/uploads\/2024\/01\/02-Logo-Raisbeck-Associates-2-300x119.png 300w, https:\/\/raisbeck.co\/wp-content\/uploads\/2024\/01\/02-Logo-Raisbeck-Associates-2-768x306.png 768w, https:\/\/raisbeck.co\/wp-content\/uploads\/2024\/01\/02-Logo-Raisbeck-Associates-2-1536x611.png 1536w, https:\/\/raisbeck.co\/wp-content\/uploads\/2024\/01\/02-Logo-Raisbeck-Associates-2-600x239.png 600w, https:\/\/raisbeck.co\/wp-content\/uploads\/2024\/01\/02-Logo-Raisbeck-Associates-2.png 1563w\" sizes=\"(max-width: 1024px) 100vw, 1024px\" \/>\t\t\t\t\t\t\t\t\t\t\t\t\t\t\t<\/div>\n\t\t\t\t<\/div>\n\t\t\t\t<\/div>\n\t\t\t\t\t<\/div>\n\t\t\t\t<\/div>\n\t\t\t\t<\/div>","protected":false},"excerpt":{"rendered":"<p>PROFESIONALES Con excelencia y \u00e9tica PROPIEDAD INTELECTUAL Protegemos lo que te hace \u00fanico COMPETENCIA DESLEAL Y PROTECCI\u00d3N AL CONSUMIDOR Nos especializamos en brindar soluciones jur\u00eddicas integrales en materia de competencia desleal y protecci\u00f3n al consumidor Saber m\u00e1s RESOLUCI\u00d3N DE CONFLICTOS Y LITIGIO Defendemos tus intereses con firmeza y estrategia Saber m\u00e1s T\u00e9rminos y condiciones y [&hellip;]<\/p>\n","protected":false},"author":1,"featured_media":0,"parent":0,"menu_order":0,"comment_status":"closed","ping_status":"closed","template":"","meta":{"_joinchat":[],"footnotes":""},"class_list":["post-13","page","type-page","status-publish","hentry"],"_links":{"self":[{"href":"https:\/\/raisbeck.co\/en\/wp-json\/wp\/v2\/pages\/13","targetHints":{"allow":["GET"]}}],"collection":[{"href":"https:\/\/raisbeck.co\/en\/wp-json\/wp\/v2\/pages"}],"about":[{"href":"https:\/\/raisbeck.co\/en\/wp-json\/wp\/v2\/types\/page"}],"author":[{"embeddable":true,"href":"https:\/\/raisbeck.co\/en\/wp-json\/wp\/v2\/users\/1"}],"replies":[{"embeddable":true,"href":"https:\/\/raisbeck.co\/en\/wp-json\/wp\/v2\/comments?post=13"}],"version-history":[{"count":133,"href":"https:\/\/raisbeck.co\/en\/wp-json\/wp\/v2\/pages\/13\/revisions"}],"predecessor-version":[{"id":1813,"href":"https:\/\/raisbeck.co\/en\/wp-json\/wp\/v2\/pages\/13\/revisions\/1813"}],"wp:attachment":[{"href":"https:\/\/raisbeck.co\/en\/wp-json\/wp\/v2\/media?parent=13"}],"curies":[{"name":"wp","href":"https:\/\/api.w.org\/{rel}","templated":true}]}}